{"id":1092,"date":"2026-03-30T14:29:01","date_gmt":"2026-03-30T12:29:01","guid":{"rendered":"https:\/\/le-port-marly.net\/main\/?page_id=1092"},"modified":"2026-04-27T23:35:15","modified_gmt":"2026-04-27T21:35:15","slug":"mentions-legales","status":"publish","type":"page","link":"https:\/\/le-port-marly.net\/main\/mentions-legales\/","title":{"rendered":"Mentions L\u00e9gales"},"content":{"rendered":"<p><div class=\"fusion-fullwidth fullwidth-box fusion-builder-row-1 fusion-flex-container has-pattern-background has-mask-background nonhundred-percent-fullwidth non-hundred-percent-height-scrolling\" style=\"--awb-border-radius-top-left:0px;--awb-border-radius-top-right:0px;--awb-border-radius-bottom-right:0px;--awb-border-radius-bottom-left:0px;--awb-padding-top:90px;--awb-padding-bottom:90px;--awb-padding-top-medium:70px;--awb-padding-bottom-medium:70px;--awb-padding-top-small:50px;--awb-padding-bottom-small:50px;--awb-margin-top:0px;--awb-margin-top-small:0px;--awb-background-color:var(--awb-color2);--awb-flex-wrap:wrap;\" ><div class=\"fusion-builder-row fusion-row fusion-flex-align-items-flex-start fusion-flex-content-wrap\" style=\"max-width:1248px;margin-left: calc(-4% \/ 2 );margin-right: calc(-4% \/ 2 );\"><div class=\"fusion-layout-column fusion_builder_column fusion-builder-column-0 fusion_builder_column_1_1 1_1 fusion-flex-column\" style=\"--awb-bg-size:cover;--awb-width-large:100%;--awb-margin-top-large:0px;--awb-spacing-right-large:1.92%;--awb-margin-bottom-large:20px;--awb-spacing-left-large:1.92%;--awb-width-medium:100%;--awb-order-medium:0;--awb-spacing-right-medium:1.92%;--awb-spacing-left-medium:1.92%;--awb-width-small:100%;--awb-order-small:0;--awb-spacing-right-small:1.92%;--awb-spacing-left-small:1.92%;\"><div class=\"fusion-column-wrapper fusion-column-has-shadow fusion-flex-justify-content-flex-start fusion-content-layout-column\"><div class=\"fusion-title title fusion-title-1 fusion-sep-none fusion-title-center fusion-title-text fusion-title-size-one\" style=\"--awb-text-color:var(--awb-color5);--awb-margin-top-small:10px;--awb-margin-right-small:0px;--awb-margin-bottom-small:10px;--awb-margin-left-small:0px;\"><h1 class=\"fusion-title-heading title-heading-center\" style=\"margin:0;\">Mentions l\u00e9gales<\/h1><\/div><\/div><\/div><\/div><\/div><div class=\"fusion-fullwidth fullwidth-box fusion-builder-row-2 fusion-flex-container has-pattern-background has-mask-background nonhundred-percent-fullwidth non-hundred-percent-height-scrolling\" style=\"--awb-border-radius-top-left:0px;--awb-border-radius-top-right:0px;--awb-border-radius-bottom-right:0px;--awb-border-radius-bottom-left:0px;--awb-flex-wrap:wrap;\" ><div class=\"fusion-builder-row fusion-row fusion-flex-align-items-flex-start fusion-flex-content-wrap\" style=\"max-width:1248px;margin-left: calc(-4% \/ 2 );margin-right: calc(-4% \/ 2 );\"><div class=\"fusion-layout-column fusion_builder_column fusion-builder-column-1 fusion_builder_column_1_1 1_1 fusion-flex-column\" style=\"--awb-bg-size:cover;--awb-width-large:100%;--awb-margin-top-large:0px;--awb-spacing-right-large:1.92%;--awb-margin-bottom-large:20px;--awb-spacing-left-large:1.92%;--awb-width-medium:100%;--awb-order-medium:0;--awb-spacing-right-medium:1.92%;--awb-spacing-left-medium:1.92%;--awb-width-small:100%;--awb-order-small:0;--awb-spacing-right-small:1.92%;--awb-spacing-left-small:1.92%;\"><div class=\"fusion-column-wrapper fusion-column-has-shadow fusion-flex-justify-content-flex-start fusion-content-layout-column\"><div class=\"fusion-text fusion-text-1\"><h2>Mentions l\u00e9gales<\/h2>\n<p>Syndicat intercommunal pour l\u2019am\u00e9nagement de la propri\u00e9t\u00e9 de Monte-Cristo<br \/>\nSi\u00e8ge social : Mairie de Marly-le-Roi, 78 160 Marly-le-Roi<\/p>\n<h2>Infos \u00e9diteur<\/h2>\n<p>Le site www.chateau-monte-cristo.com est g\u00e9r\u00e9 par les services du Ch\u00e2teau de Monte-Cristo.<br \/>\nCoordonn\u00e9es\u00a0:<br \/>\nCh\u00e2teau de Monte-Cristo<br \/>\n78\u00a0560 Le Port-Marly<br \/>\nTel\u00a0: 01 39 16 49 49<\/p>\n<p>Courriel\u00a0: contact@chateau-monte-cristo.com<\/p>\n<p>Directeur de la publication<br \/>\nJean-No\u00ebl AMADEI, pr\u00e9sident du Syndicat intercommunal<\/p>\n<h2>Cr\u00e9dits<\/h2>\n<p>Conception et r\u00e9alisation du site : <a href=\"http:\/\/www.inway.fr\">inWay<\/a> \u2013 Philippe Kirsch<\/p>\n<p>H\u00e9bergement du site : OVH<br \/>\n2 rue Kellermann \u2013 59100 Roubaix<br \/>\nT\u00e9l\u00e9phone : +33 9 72 10 10 07<\/p>\n<h2>Autres informations<\/h2>\n<p>Num\u00e9ro de TVA intracommunautaire : FR75 257800995<br \/>\nNum\u00e9ro SIREN : 257 800 995<\/p>\n<\/div><\/div><\/div><\/div><\/div><\/p>\n","protected":false},"excerpt":{"rendered":"","protected":false},"author":1,"featured_media":0,"parent":0,"menu_order":0,"comment_status":"closed","ping_status":"closed","template":"100-width.php","meta":{"footnotes":""},"class_list":["post-1092","page","type-page","status-publish","hentry"],"_links":{"self":[{"href":"https:\/\/le-port-marly.net\/main\/wp-json\/wp\/v2\/pages\/1092","targetHints":{"allow":["GET"]}}],"collection":[{"href":"https:\/\/le-port-marly.net\/main\/wp-json\/wp\/v2\/pages"}],"about":[{"href":"https:\/\/le-port-marly.net\/main\/wp-json\/wp\/v2\/types\/page"}],"author":[{"embeddable":true,"href":"https:\/\/le-port-marly.net\/main\/wp-json\/wp\/v2\/users\/1"}],"replies":[{"embeddable":true,"href":"https:\/\/le-port-marly.net\/main\/wp-json\/wp\/v2\/comments?post=1092"}],"version-history":[{"count":6,"href":"https:\/\/le-port-marly.net\/main\/wp-json\/wp\/v2\/pages\/1092\/revisions"}],"predecessor-version":[{"id":1817,"href":"https:\/\/le-port-marly.net\/main\/wp-json\/wp\/v2\/pages\/1092\/revisions\/1817"}],"wp:attachment":[{"href":"https:\/\/le-port-marly.net\/main\/wp-json\/wp\/v2\/media?parent=1092"}],"curies":[{"name":"wp","href":"https:\/\/api.w.org\/{rel}","templated":true}]}}