{"id":1109,"date":"2026-03-30T19:03:23","date_gmt":"2026-03-30T17:03:23","guid":{"rendered":"https:\/\/le-port-marly.net\/main\/?page_id=1109"},"modified":"2026-04-20T11:33:26","modified_gmt":"2026-04-20T09:33:26","slug":"tarifs","status":"publish","type":"page","link":"https:\/\/le-port-marly.net\/main\/tarifs\/","title":{"rendered":"Tarifs"},"content":{"rendered":"<p><div class=\"fusion-fullwidth fullwidth-box fusion-builder-row-1 fusion-flex-container has-pattern-background has-mask-background fusion-parallax-none nonhundred-percent-fullwidth non-hundred-percent-height-scrolling\" style=\"--awb-border-radius-top-left:0px;--awb-border-radius-top-right:0px;--awb-border-radius-bottom-right:0px;--awb-border-radius-bottom-left:0px;--awb-padding-top:150px;--awb-padding-bottom:150px;--awb-background-image:linear-gradient(180deg, hsla(var(--awb-color5-h),var(--awb-color5-s),var(--awb-color5-l),calc(var(--awb-color5-a) - 60%)) 0%,hsla(var(--awb-color5-h),var(--awb-color5-s),var(--awb-color5-l),calc(var(--awb-color5-a) - 60%)) 100%),url(https:\/\/le-port-marly.net\/main\/wp-content\/uploads\/2026\/03\/chateau_haut_1300.jpg);;--awb-background-size:cover;--awb-flex-wrap:wrap;\" ><div class=\"fusion-builder-row fusion-row fusion-flex-align-items-flex-start fusion-flex-content-wrap\" style=\"max-width:1248px;margin-left: calc(-4% \/ 2 );margin-right: calc(-4% \/ 2 );\"><div class=\"fusion-layout-column fusion_builder_column fusion-builder-column-0 fusion_builder_column_1_1 1_1 fusion-flex-column\" style=\"--awb-bg-size:cover;--awb-width-large:100%;--awb-margin-top-large:0px;--awb-spacing-right-large:1.92%;--awb-margin-bottom-large:20px;--awb-spacing-left-large:1.92%;--awb-width-medium:100%;--awb-order-medium:0;--awb-spacing-right-medium:1.92%;--awb-spacing-left-medium:1.92%;--awb-width-small:100%;--awb-order-small:0;--awb-spacing-right-small:1.92%;--awb-spacing-left-small:1.92%;\"><div class=\"fusion-column-wrapper fusion-column-has-shadow fusion-flex-justify-content-flex-start fusion-content-layout-column\"><div class=\"fusion-title title fusion-title-1 fusion-sep-none fusion-title-center fusion-title-text fusion-title-size-one\" style=\"--awb-margin-top-small:10px;--awb-margin-right-small:0px;--awb-margin-bottom-small:10px;--awb-margin-left-small:0px;\"><h1 class=\"fusion-title-heading title-heading-center\" style=\"margin:0;text-shadow:0px 0px 10px var(--awb-custom_color_1);\">Tarifs<\/h1><\/div><\/div><\/div><\/div><\/div><div class=\"fusion-fullwidth fullwidth-box fusion-builder-row-2 fusion-flex-container has-pattern-background has-mask-background nonhundred-percent-fullwidth non-hundred-percent-height-scrolling\" style=\"--awb-border-radius-top-left:0px;--awb-border-radius-top-right:0px;--awb-border-radius-bottom-right:0px;--awb-border-radius-bottom-left:0px;--awb-margin-top:20px;--awb-flex-wrap:wrap;\" ><div class=\"fusion-builder-row fusion-row fusion-flex-align-items-flex-start fusion-flex-content-wrap\" style=\"max-width:1248px;margin-left: calc(-4% \/ 2 );margin-right: calc(-4% \/ 2 );\"><div class=\"fusion-layout-column fusion_builder_column fusion-builder-column-1 fusion_builder_column_1_1 1_1 fusion-flex-column\" style=\"--awb-bg-size:cover;--awb-width-large:100%;--awb-margin-top-large:0px;--awb-spacing-right-large:1.92%;--awb-margin-bottom-large:20px;--awb-spacing-left-large:1.92%;--awb-width-medium:100%;--awb-order-medium:0;--awb-spacing-right-medium:1.92%;--awb-spacing-left-medium:1.92%;--awb-width-small:100%;--awb-order-small:0;--awb-spacing-right-small:1.92%;--awb-spacing-left-small:1.92%;\"><div class=\"fusion-column-wrapper fusion-column-has-shadow fusion-flex-justify-content-flex-start fusion-content-layout-column\"><div class=\"fusion-title title fusion-title-2 fusion-sep-none fusion-title-text fusion-title-size-two\" style=\"--awb-margin-top-small:10px;--awb-margin-right-small:0px;--awb-margin-bottom-small:10px;--awb-margin-left-small:0px;\"><h2 class=\"fusion-title-heading title-heading-left\" style=\"margin:0;\">Parc et Ch\u00e2teau hors \u00e9v\u00e9nementiels<\/h2><\/div><div class=\"fusion-text fusion-text-1\"><p>Tarifs hors \u00e9v\u00e9nements<\/p>\n<p>\u2013 Tarif INDIVIDUEL plein : 9 \u20ac<br \/>\n\u2013 Tarif INDIVIDUEL r\u00e9duit : 7 \u20ac<br \/>\nR\u00e9duction accord\u00e9e aux personnes de moins de 25 ans, aux b\u00e9n\u00e9ficiaires du RSA, aux d\u00e9tenteurs du PASS DESTINATION Yvelines\/Hauts de Seine (Pass non valable le dimanche) et aux d\u00e9tenteurs du Pass Navigo (le samedi uniquement).<br \/>\nToute r\u00e9duction ne peut \u00eatre accord\u00e9e que sur pr\u00e9sentation d\u2019un justificatif.<br \/>\n\u2013 Gratuit pour les moins de 8 ans.<\/p>\n<\/div><div class=\"fusion-title title fusion-title-3 fusion-sep-none fusion-title-text fusion-title-size-two\" style=\"--awb-margin-top-small:10px;--awb-margin-right-small:0px;--awb-margin-bottom-small:10px;--awb-margin-left-small:0px;\"><h2 class=\"fusion-title-heading title-heading-left\" style=\"margin:0;\">Parc uniquement<\/h2><\/div><div class=\"fusion-text fusion-text-2\"><p>Tarif unique : 5 \u20ac.<br \/>\nNon valable lors de journ\u00e9es \u00e9v\u00e9nementielles.<\/p>\n<\/div><\/div><\/div><\/div><\/div><div class=\"fusion-fullwidth fullwidth-box fusion-builder-row-3 fusion-flex-container has-pattern-background has-mask-background nonhundred-percent-fullwidth non-hundred-percent-height-scrolling\" style=\"--awb-border-radius-top-left:0px;--awb-border-radius-top-right:0px;--awb-border-radius-bottom-right:0px;--awb-border-radius-bottom-left:0px;--awb-flex-wrap:wrap;\" ><div class=\"fusion-builder-row fusion-row fusion-flex-align-items-flex-start fusion-flex-content-wrap\" style=\"max-width:1248px;margin-left: calc(-4% \/ 2 );margin-right: calc(-4% \/ 2 );\"><div class=\"fusion-layout-column fusion_builder_column fusion-builder-column-2 fusion_builder_column_1_1 1_1 fusion-flex-column\" style=\"--awb-bg-size:cover;--awb-width-large:100%;--awb-margin-top-large:0px;--awb-spacing-right-large:1.92%;--awb-margin-bottom-large:20px;--awb-spacing-left-large:1.92%;--awb-width-medium:100%;--awb-order-medium:0;--awb-spacing-right-medium:1.92%;--awb-spacing-left-medium:1.92%;--awb-width-small:100%;--awb-order-small:0;--awb-spacing-right-small:1.92%;--awb-spacing-left-small:1.92%;\"><div class=\"fusion-column-wrapper fusion-column-has-shadow fusion-flex-justify-content-flex-start fusion-content-layout-column\"><div class=\"fusion-title title fusion-title-4 fusion-sep-none fusion-title-text fusion-title-size-two\" style=\"--awb-margin-top-small:10px;--awb-margin-right-small:0px;--awb-margin-bottom-small:10px;--awb-margin-left-small:0px;\"><h2 class=\"fusion-title-heading title-heading-left\" style=\"margin:0;\">Tarifs \u00e9v\u00e9nementiels<\/h2><\/div><div class=\"fusion-text fusion-text-3\"><p>voir dans chaque rubrique concern\u00e9e dans Saison culturelle<\/p>\n<\/div><\/div><\/div><div class=\"fusion-layout-column fusion_builder_column fusion-builder-column-3 fusion_builder_column_1_1 1_1 fusion-flex-column\" style=\"--awb-column-gap:10px;--awb-row-gap:10px;--awb-bg-size:cover;--awb-width-large:100%;--awb-margin-top-large:0px;--awb-spacing-right-large:1.92%;--awb-margin-bottom-large:20px;--awb-spacing-left-large:1.92%;--awb-width-medium:100%;--awb-order-medium:0;--awb-spacing-right-medium:1.92%;--awb-spacing-left-medium:1.92%;--awb-width-small:100%;--awb-order-small:0;--awb-spacing-right-small:1.92%;--awb-spacing-left-small:1.92%;\" data-scroll-devices=\"small-visibility,medium-visibility,large-visibility\"><div class=\"fusion-column-wrapper fusion-column-has-shadow fusion-flex-justify-content-flex-start fusion-content-layout-row\"><div ><a class=\"fusion-button button-flat fusion-button-default-size button-default fusion-button-default button-1 fusion-button-default-span fusion-button-default-type\" target=\"_self\" data-hover=\"text_slide_down\" href=\"https:\/\/le-port-marly.net\/main\/animations-enfants\/\"><div class=\"awb-button-text-transition  awb-button__hover-content--centered\"><span class=\"fusion-button-text awb-button__text awb-button__text--default\">Animations Enfants<\/span><span class=\"fusion-button-text awb-button__text awb-button__text--default\">Animations Enfants<\/span><\/div><\/a><\/div><div ><a class=\"fusion-button button-flat fusion-button-default-size button-default fusion-button-default button-2 fusion-button-default-span fusion-button-default-type\" target=\"_self\" data-hover=\"text_slide_down\" href=\"https:\/\/le-port-marly.net\/main\/murder-parties\/\"><div class=\"awb-button-text-transition  awb-button__hover-content--centered\"><span class=\"fusion-button-text awb-button__text awb-button__text--default\">Murder parties, Jeu de piste<\/span><span class=\"fusion-button-text awb-button__text awb-button__text--default\">Murder parties, Jeu de piste<\/span><\/div><\/a><\/div><div ><a class=\"fusion-button button-flat fusion-button-default-size button-default fusion-button-default button-3 fusion-button-default-span fusion-button-default-type\" target=\"_self\" data-hover=\"text_slide_down\" href=\"https:\/\/le-port-marly.net\/main\/expositions-temporaires\/\"><div class=\"awb-button-text-transition  awb-button__hover-content--centered\"><span class=\"fusion-button-text awb-button__text awb-button__text--default\">Exposition temporaire<\/span><span class=\"fusion-button-text awb-button__text awb-button__text--default\">Exposition temporaire<\/span><\/div><\/a><\/div><div ><a class=\"fusion-button button-flat fusion-button-default-size button-default fusion-button-default button-4 fusion-button-default-span fusion-button-default-type\" target=\"_self\" data-hover=\"text_slide_down\" href=\"https:\/\/le-port-marly.net\/main\/journee-thematique\/\"><div class=\"awb-button-text-transition  awb-button__hover-content--centered\"><span class=\"fusion-button-text awb-button__text awb-button__text--default\">Journ\u00e9e th\u00e9matique et rendez-vous musical<\/span><span class=\"fusion-button-text awb-button__text awb-button__text--default\">Journ\u00e9e th\u00e9matique et rendez-vous musical<\/span><\/div><\/a><\/div><div ><a class=\"fusion-button button-flat fusion-button-default-size button-default fusion-button-default button-5 fusion-button-default-span fusion-button-default-type\" target=\"_self\" data-hover=\"text_slide_down\" href=\"https:\/\/le-port-marly.net\/main\/exposition-art\/\"><div class=\"awb-button-text-transition  awb-button__hover-content--centered\"><span class=\"fusion-button-text awb-button__text awb-button__text--default\">Exposition d\u2019art contemporain<\/span><span class=\"fusion-button-text awb-button__text awb-button__text--default\">Exposition d\u2019art contemporain<\/span><\/div><\/a><\/div><div ><a class=\"fusion-button button-flat fusion-button-default-size button-default fusion-button-default button-6 fusion-button-default-span fusion-button-default-type\" target=\"_self\" data-hover=\"text_slide_down\" href=\"https:\/\/le-port-marly.net\/main\/journees-du-patrimoine\/\"><div class=\"awb-button-text-transition  awb-button__hover-content--centered\"><span class=\"fusion-button-text awb-button__text awb-button__text--default\">Journ\u00e9es du patrimoine<\/span><span class=\"fusion-button-text awb-button__text awb-button__text--default\">Journ\u00e9es du patrimoine<\/span><\/div><\/a><\/div><div ><a class=\"fusion-button button-flat fusion-button-default-size button-default fusion-button-default button-7 fusion-button-default-span fusion-button-default-type\" target=\"_self\" data-hover=\"text_slide_down\" href=\"https:\/\/le-port-marly.net\/main\/salon-livre-jeunesse\/\"><div class=\"awb-button-text-transition  awb-button__hover-content--centered\"><span class=\"fusion-button-text awb-button__text awb-button__text--default\">Salon du Livre Jeunesse<\/span><span class=\"fusion-button-text awb-button__text awb-button__text--default\">Salon du Livre Jeunesse<\/span><\/div><\/a><\/div><\/div><\/div><\/div><\/div><div class=\"fusion-fullwidth fullwidth-box fusion-builder-row-4 fusion-flex-container has-pattern-background has-mask-background nonhundred-percent-fullwidth non-hundred-percent-height-scrolling\" style=\"--awb-border-radius-top-left:0px;--awb-border-radius-top-right:0px;--awb-border-radius-bottom-right:0px;--awb-border-radius-bottom-left:0px;--awb-flex-wrap:wrap;\" ><div class=\"fusion-builder-row fusion-row fusion-flex-align-items-flex-start fusion-flex-content-wrap\" style=\"max-width:1248px;margin-left: calc(-4% \/ 2 );margin-right: calc(-4% \/ 2 );\"><div class=\"fusion-layout-column fusion_builder_column fusion-builder-column-4 fusion_builder_column_1_1 1_1 fusion-flex-column\" style=\"--awb-bg-size:cover;--awb-width-large:100%;--awb-margin-top-large:0px;--awb-spacing-right-large:1.92%;--awb-margin-bottom-large:20px;--awb-spacing-left-large:1.92%;--awb-width-medium:100%;--awb-order-medium:0;--awb-spacing-right-medium:1.92%;--awb-spacing-left-medium:1.92%;--awb-width-small:100%;--awb-order-small:0;--awb-spacing-right-small:1.92%;--awb-spacing-left-small:1.92%;\"><div class=\"fusion-column-wrapper fusion-column-has-shadow fusion-flex-justify-content-flex-start fusion-content-layout-column\"><div class=\"fusion-title title fusion-title-5 fusion-sep-none fusion-title-text fusion-title-size-two\" style=\"--awb-margin-top-small:10px;--awb-margin-right-small:0px;--awb-margin-bottom-small:10px;--awb-margin-left-small:0px;\"><h2 class=\"fusion-title-heading title-heading-left\" style=\"margin:0;\">Groupes<\/h2><\/div><div class=\"fusion-text fusion-text-4\"><p>voir la rubrique : Visites de groupe<\/p>\n<\/div><\/div><\/div><div class=\"fusion-layout-column fusion_builder_column fusion-builder-column-5 fusion_builder_column_1_1 1_1 fusion-flex-column\" style=\"--awb-column-gap:10px;--awb-row-gap:10px;--awb-bg-size:cover;--awb-width-large:100%;--awb-margin-top-large:0px;--awb-spacing-right-large:1.92%;--awb-margin-bottom-large:20px;--awb-spacing-left-large:1.92%;--awb-width-medium:100%;--awb-order-medium:0;--awb-spacing-right-medium:1.92%;--awb-spacing-left-medium:1.92%;--awb-width-small:100%;--awb-order-small:0;--awb-spacing-right-small:1.92%;--awb-spacing-left-small:1.92%;\" data-scroll-devices=\"small-visibility,medium-visibility,large-visibility\"><div class=\"fusion-column-wrapper fusion-column-has-shadow fusion-flex-justify-content-flex-start fusion-content-layout-row\"><div ><a class=\"fusion-button button-flat fusion-button-default-size button-default fusion-button-default button-8 fusion-button-default-span fusion-button-default-type\" target=\"_self\" data-hover=\"text_slide_down\" href=\"https:\/\/le-port-marly.net\/main\/visite\/#groupe\"><div class=\"awb-button-text-transition  awb-button__hover-content--centered\"><span class=\"fusion-button-text awb-button__text awb-button__text--default\">Visites de Groupes<\/span><span class=\"fusion-button-text awb-button__text awb-button__text--default\">Visites de Groupes<\/span><\/div><\/a><\/div><\/div><\/div><\/div><\/div><div class=\"fusion-fullwidth fullwidth-box fusion-builder-row-5 fusion-flex-container has-pattern-background has-mask-background nonhundred-percent-fullwidth non-hundred-percent-height-scrolling\" style=\"--awb-border-radius-top-left:0px;--awb-border-radius-top-right:0px;--awb-border-radius-bottom-right:0px;--awb-border-radius-bottom-left:0px;--awb-flex-wrap:wrap;\" ><div class=\"fusion-builder-row fusion-row fusion-flex-align-items-flex-start fusion-flex-content-wrap\" style=\"max-width:1248px;margin-left: calc(-4% \/ 2 );margin-right: calc(-4% \/ 2 );\"><div class=\"fusion-layout-column fusion_builder_column fusion-builder-column-6 fusion_builder_column_1_1 1_1 fusion-flex-column\" style=\"--awb-bg-size:cover;--awb-width-large:100%;--awb-margin-top-large:0px;--awb-spacing-right-large:1.92%;--awb-margin-bottom-large:20px;--awb-spacing-left-large:1.92%;--awb-width-medium:100%;--awb-order-medium:0;--awb-spacing-right-medium:1.92%;--awb-spacing-left-medium:1.92%;--awb-width-small:100%;--awb-order-small:0;--awb-spacing-right-small:1.92%;--awb-spacing-left-small:1.92%;\"><div class=\"fusion-column-wrapper fusion-column-has-shadow fusion-flex-justify-content-flex-start fusion-content-layout-column\"><div class=\"fusion-title title fusion-title-6 fusion-sep-none fusion-title-text fusion-title-size-two\" style=\"--awb-margin-top-small:10px;--awb-margin-right-small:0px;--awb-margin-bottom-small:10px;--awb-margin-left-small:0px;\"><h2 class=\"fusion-title-heading title-heading-left\" style=\"margin:0;\">Modes de paiement<\/h2><\/div><div class=\"fusion-text fusion-text-5\"><p>MODES de PAIEMENT ACCEPT\u00c9S : esp\u00e8ces, ch\u00e8ques, ch\u00e8ques vacances (hors ch\u00e8ques d\u00e9mat\u00e9rialis\u00e9s) et CB.<\/p>\n<p>Attention, en application de l\u2019article L112-5 du code mon\u00e9taire et financier, en cas de paiement en esp\u00e8ces, c\u2019est au d\u00e9biteur qu\u2019il appartient de faire l\u2019appoint.<\/p>\n<p>Seules r\u00e9ductions accord\u00e9es : \u2013 25 ans, \u2013 8 ans, b\u00e9n\u00e9ficiaires du RSA (sur pr\u00e9sentation d\u2019un justificatif), d\u00e9tenteur du Pass DESTINATION Yvelines Hauts de Seine (non valide le dimanche) et d\u00e9tenteurs du pass Navigo (le samedi uniquement).<\/p>\n<\/div><\/div><\/div><\/div><\/div><div class=\"fusion-fullwidth fullwidth-box fusion-builder-row-6 fusion-flex-container has-pattern-background has-mask-background nonhundred-percent-fullwidth non-hundred-percent-height-scrolling\" style=\"--awb-border-radius-top-left:0px;--awb-border-radius-top-right:0px;--awb-border-radius-bottom-right:0px;--awb-border-radius-bottom-left:0px;--awb-margin-top:40px;--awb-flex-wrap:wrap;\" ><div class=\"fusion-builder-row fusion-row fusion-flex-align-items-flex-start fusion-flex-content-wrap\" style=\"max-width:1248px;margin-left: calc(-4% \/ 2 );margin-right: calc(-4% \/ 2 );\"><div class=\"fusion-layout-column fusion_builder_column fusion-builder-column-7 fusion_builder_column_1_1 1_1 fusion-flex-column\" style=\"--awb-bg-size:cover;--awb-width-large:100%;--awb-margin-top-large:0px;--awb-spacing-right-large:1.92%;--awb-margin-bottom-large:20px;--awb-spacing-left-large:1.92%;--awb-width-medium:100%;--awb-order-medium:0;--awb-spacing-right-medium:1.92%;--awb-spacing-left-medium:1.92%;--awb-width-small:100%;--awb-order-small:0;--awb-spacing-right-small:1.92%;--awb-spacing-left-small:1.92%;\"><div class=\"fusion-column-wrapper fusion-column-has-shadow fusion-flex-justify-content-flex-start fusion-content-layout-column\"><div ><a class=\"fusion-button button-flat fusion-button-default-size button-default fusion-button-default button-9 fusion-button-default-span fusion-button-default-type\" target=\"_self\" data-hover=\"icon_rotate\" href=\"https:\/\/le-port-marly.net\/main\/boutique\/\"><i class=\"fa-angle-double-right fas awb-button__icon awb-button__icon--default button-icon-left\" aria-hidden=\"true\"><\/i><span class=\"fusion-button-text awb-button__text awb-button__text--default\">La boutique<\/span><\/a><\/div><\/div><\/div><\/div><\/div><\/p>\n","protected":false},"excerpt":{"rendered":"","protected":false},"author":1,"featured_media":0,"parent":0,"menu_order":0,"comment_status":"closed","ping_status":"closed","template":"100-width.php","meta":{"footnotes":""},"class_list":["post-1109","page","type-page","status-publish","hentry"],"_links":{"self":[{"href":"https:\/\/le-port-marly.net\/main\/wp-json\/wp\/v2\/pages\/1109","targetHints":{"allow":["GET"]}}],"collection":[{"href":"https:\/\/le-port-marly.net\/main\/wp-json\/wp\/v2\/pages"}],"about":[{"href":"https:\/\/le-port-marly.net\/main\/wp-json\/wp\/v2\/types\/page"}],"author":[{"embeddable":true,"href":"https:\/\/le-port-marly.net\/main\/wp-json\/wp\/v2\/users\/1"}],"replies":[{"embeddable":true,"href":"https:\/\/le-port-marly.net\/main\/wp-json\/wp\/v2\/comments?post=1109"}],"version-history":[{"count":29,"href":"https:\/\/le-port-marly.net\/main\/wp-json\/wp\/v2\/pages\/1109\/revisions"}],"predecessor-version":[{"id":1672,"href":"https:\/\/le-port-marly.net\/main\/wp-json\/wp\/v2\/pages\/1109\/revisions\/1672"}],"wp:attachment":[{"href":"https:\/\/le-port-marly.net\/main\/wp-json\/wp\/v2\/media?parent=1109"}],"curies":[{"name":"wp","href":"https:\/\/api.w.org\/{rel}","templated":true}]}}