{"id":816,"date":"2026-03-24T13:46:24","date_gmt":"2026-03-24T12:46:24","guid":{"rendered":"https:\/\/le-port-marly.net\/main\/?page_id=816"},"modified":"2026-04-20T10:29:56","modified_gmt":"2026-04-20T08:29:56","slug":"plan-acces","status":"publish","type":"page","link":"https:\/\/le-port-marly.net\/main\/plan-acces\/","title":{"rendered":"Acc\u00e8s"},"content":{"rendered":"<p><div class=\"fusion-fullwidth fullwidth-box fusion-builder-row-1 fusion-flex-container has-pattern-background has-mask-background fusion-parallax-none nonhundred-percent-fullwidth non-hundred-percent-height-scrolling\" style=\"--awb-border-radius-top-left:0px;--awb-border-radius-top-right:0px;--awb-border-radius-bottom-right:0px;--awb-border-radius-bottom-left:0px;--awb-padding-top:150px;--awb-padding-bottom:150px;--awb-background-image:linear-gradient(180deg, hsla(var(--awb-color5-h),var(--awb-color5-s),var(--awb-color5-l),calc(var(--awb-color5-a) - 60%)) 0%,hsla(var(--awb-color5-h),var(--awb-color5-s),var(--awb-color5-l),calc(var(--awb-color5-a) - 60%)) 100%),url(https:\/\/le-port-marly.net\/main\/wp-content\/uploads\/2026\/03\/planAccesTitre_1300.jpg);;--awb-background-size:cover;--awb-flex-wrap:wrap;\" ><div class=\"fusion-builder-row fusion-row fusion-flex-align-items-flex-start fusion-flex-content-wrap\" style=\"max-width:1248px;margin-left: calc(-4% \/ 2 );margin-right: calc(-4% \/ 2 );\"><div class=\"fusion-layout-column fusion_builder_column fusion-builder-column-0 fusion_builder_column_1_1 1_1 fusion-flex-column\" style=\"--awb-bg-size:cover;--awb-width-large:100%;--awb-margin-top-large:0px;--awb-spacing-right-large:1.92%;--awb-margin-bottom-large:20px;--awb-spacing-left-large:1.92%;--awb-width-medium:100%;--awb-order-medium:0;--awb-spacing-right-medium:1.92%;--awb-spacing-left-medium:1.92%;--awb-width-small:100%;--awb-order-small:0;--awb-spacing-right-small:1.92%;--awb-spacing-left-small:1.92%;\"><div class=\"fusion-column-wrapper fusion-column-has-shadow fusion-flex-justify-content-flex-start fusion-content-layout-column\"><div class=\"fusion-title title fusion-title-1 fusion-sep-none fusion-title-center fusion-title-text fusion-title-size-one\" style=\"--awb-margin-top-small:10px;--awb-margin-right-small:0px;--awb-margin-bottom-small:10px;--awb-margin-left-small:0px;\"><h1 class=\"fusion-title-heading title-heading-center\" style=\"margin:0;text-shadow:0px 0px 10px var(--awb-custom_color_1);\">Acc\u00e8s<\/h1><\/div><\/div><\/div><\/div><\/div><div class=\"fusion-fullwidth fullwidth-box fusion-builder-row-2 fusion-flex-container has-pattern-background has-mask-background nonhundred-percent-fullwidth non-hundred-percent-height-scrolling\" style=\"--awb-border-radius-top-left:0px;--awb-border-radius-top-right:0px;--awb-border-radius-bottom-right:0px;--awb-border-radius-bottom-left:0px;--awb-margin-top:20px;--awb-flex-wrap:wrap;\" ><div class=\"fusion-builder-row fusion-row fusion-flex-align-items-flex-start fusion-flex-content-wrap\" style=\"max-width:1248px;margin-left: calc(-4% \/ 2 );margin-right: calc(-4% \/ 2 );\"><div class=\"fusion-layout-column fusion_builder_column fusion-builder-column-1 fusion_builder_column_1_1 1_1 fusion-flex-column\" style=\"--awb-bg-size:cover;--awb-width-large:100%;--awb-margin-top-large:0px;--awb-spacing-right-large:1.92%;--awb-margin-bottom-large:20px;--awb-spacing-left-large:1.92%;--awb-width-medium:100%;--awb-order-medium:0;--awb-spacing-right-medium:1.92%;--awb-spacing-left-medium:1.92%;--awb-width-small:100%;--awb-order-small:0;--awb-spacing-right-small:1.92%;--awb-spacing-left-small:1.92%;\"><div class=\"fusion-column-wrapper fusion-column-has-shadow fusion-flex-justify-content-flex-start fusion-content-layout-column\"><div class=\"fusion-title title fusion-title-2 fusion-sep-none fusion-title-text fusion-title-size-two\" style=\"--awb-margin-top-small:10px;--awb-margin-right-small:0px;--awb-margin-bottom-small:10px;--awb-margin-left-small:0px;\"><h2 class=\"fusion-title-heading title-heading-left\" style=\"margin:0;\">Adresse<\/h2><\/div><div class=\"fusion-text fusion-text-1\"><p>Le ch\u00e2teau de Monte-Cristo se situe au <strong>PORT-MARLY<\/strong>.<\/p>\n<p>Pavillon d\u2019accueil<br \/>\nAcc\u00e8s commun \u00e0 la clinique de l\u2019Europe<br \/>\nCh\u00e2teau de Monte-Cristo<br \/>\n78560 le Port-Marly<br \/>\nT\u00e9l.: 01 39 16 49 49<\/p>\n<\/div><div class=\"fusion-text fusion-text-2\"><p><em>Le parc du ch\u00e2teau de Monte-Cristo est malheureusement difficile d\u2019acc\u00e8s pour les personnes \u00e0 mobilit\u00e9 r\u00e9duite.<\/em><br \/>\n<em>Merci de nous contacter par t\u00e9l\u00e9phone pour plus de renseignements.<\/em><\/p>\n<\/div><\/div><\/div><\/div><\/div><div class=\"fusion-fullwidth fullwidth-box fusion-builder-row-3 fusion-flex-container has-pattern-background has-mask-background nonhundred-percent-fullwidth non-hundred-percent-height-scrolling\" style=\"--awb-border-radius-top-left:0px;--awb-border-radius-top-right:0px;--awb-border-radius-bottom-right:0px;--awb-border-radius-bottom-left:0px;--awb-flex-wrap:wrap;\" ><div class=\"fusion-builder-row fusion-row fusion-flex-align-items-flex-start fusion-flex-content-wrap\" style=\"max-width:1248px;margin-left: calc(-4% \/ 2 );margin-right: calc(-4% \/ 2 );\"><div class=\"fusion-layout-column fusion_builder_column fusion-builder-column-2 fusion_builder_column_1_1 1_1 fusion-flex-column\" style=\"--awb-bg-size:cover;--awb-width-large:100%;--awb-margin-top-large:0px;--awb-spacing-right-large:1.92%;--awb-margin-bottom-large:20px;--awb-spacing-left-large:1.92%;--awb-width-medium:100%;--awb-order-medium:0;--awb-spacing-right-medium:1.92%;--awb-spacing-left-medium:1.92%;--awb-width-small:100%;--awb-order-small:0;--awb-spacing-right-small:1.92%;--awb-spacing-left-small:1.92%;\"><div class=\"fusion-column-wrapper fusion-column-has-shadow fusion-flex-justify-content-flex-start fusion-content-layout-column\"><div class=\"fusion-title title fusion-title-3 fusion-sep-none fusion-title-text fusion-title-size-three\" style=\"--awb-margin-top-small:10px;--awb-margin-right-small:0px;--awb-margin-bottom-small:10px;--awb-margin-left-small:0px;\"><h3 class=\"fusion-title-heading title-heading-left\" style=\"margin:0;\">Rep\u00e8re GPS<\/h3><\/div><div class=\"fusion-text fusion-text-3\"><p>Rep\u00e8re GPS : 48.881076, 2.105606<\/p>\n<p>Acc\u00e8s par le Chemin du Haut des Ormes, Le Port-Marly<\/p>\n<\/div><div ><a class=\"fusion-button button-flat fusion-button-default-size button-custom fusion-button-default button-1 fusion-button-default-span fusion-button-default-type\" style=\"--awb-margin-bottom:20px;--button_accent_color:var(--awb-color5);--button_border_color:var(--awb-color5);--button_accent_hover_color:var(--awb-color1);--button_border_hover_color:var(--awb-color5);--button_border_width-top:1px;--button_border_width-right:1px;--button_border_width-bottom:1px;--button_border_width-left:1px;--button_gradient_top_color:var(--awb-color1);--button_gradient_bottom_color:var(--awb-color1);--button_gradient_top_color_hover:hsla(var(--awb-color5-h),calc(var(--awb-color5-s) - 5%),calc(var(--awb-color5-l) - 10%),var(--awb-color5-a));--button_gradient_bottom_color_hover:hsla(var(--awb-color5-h),calc(var(--awb-color5-s) - 5%),calc(var(--awb-color5-l) - 10%),var(--awb-color5-a));\" target=\"_blank\" rel=\"noopener noreferrer\" data-hover=\"icon_slide\" href=\"https:\/\/maps.app.goo.gl\/TQyt3hh8YVdaXxVu5\"><span class=\"fusion-button-icon-divider button-icon-divider-left\"><i class=\"fa-google fab awb-button__icon awb-button__icon--default\" aria-hidden=\"true\"><\/i><\/span><span class=\"fusion-button-text awb-button__text awb-button__text--default fusion-button-text-left\">Chemin du Haut des Ormes par Google Maps<\/span><\/a><\/div><div ><a class=\"fusion-button button-flat fusion-button-default-size button-custom fusion-button-default button-2 fusion-button-default-span fusion-button-default-type\" style=\"--button_accent_color:var(--awb-color5);--button_border_color:var(--awb-color5);--button_accent_hover_color:var(--awb-color1);--button_border_hover_color:var(--awb-color5);--button_border_width-top:1px;--button_border_width-right:1px;--button_border_width-bottom:1px;--button_border_width-left:1px;--button_gradient_top_color:var(--awb-color1);--button_gradient_bottom_color:var(--awb-color1);--button_gradient_top_color_hover:hsla(var(--awb-color5-h),calc(var(--awb-color5-s) - 5%),calc(var(--awb-color5-l) - 10%),var(--awb-color5-a));--button_gradient_bottom_color_hover:hsla(var(--awb-color5-h),calc(var(--awb-color5-s) - 5%),calc(var(--awb-color5-l) - 10%),var(--awb-color5-a));\" target=\"_blank\" rel=\"noopener noreferrer\" data-hover=\"icon_slide\" href=\"https:\/\/ul.waze.com\/ul?ll=48.88026000%2C2.10553900&amp;navigate=yes\"><span class=\"fusion-button-icon-divider button-icon-divider-left\"><i class=\"fa-waze fab awb-button__icon awb-button__icon--default\" aria-hidden=\"true\"><\/i><\/span><span class=\"fusion-button-text awb-button__text awb-button__text--default fusion-button-text-left\">Chemin du Haut des Ormes par Waze<\/span><\/a><\/div><\/div><\/div><\/div><\/div><div class=\"fusion-fullwidth fullwidth-box fusion-builder-row-4 fusion-flex-container has-pattern-background has-mask-background nonhundred-percent-fullwidth non-hundred-percent-height-scrolling\" style=\"--awb-border-radius-top-left:0px;--awb-border-radius-top-right:0px;--awb-border-radius-bottom-right:0px;--awb-border-radius-bottom-left:0px;--awb-flex-wrap:wrap;\" ><div class=\"fusion-builder-row fusion-row fusion-flex-align-items-flex-start fusion-flex-content-wrap\" style=\"max-width:1248px;margin-left: calc(-4% \/ 2 );margin-right: calc(-4% \/ 2 );\"><div class=\"fusion-layout-column fusion_builder_column fusion-builder-column-3 fusion_builder_column_1_1 1_1 fusion-flex-column\" style=\"--awb-bg-size:cover;--awb-width-large:100%;--awb-margin-top-large:0px;--awb-spacing-right-large:1.92%;--awb-margin-bottom-large:20px;--awb-spacing-left-large:1.92%;--awb-width-medium:100%;--awb-order-medium:0;--awb-spacing-right-medium:1.92%;--awb-spacing-left-medium:1.92%;--awb-width-small:100%;--awb-order-small:0;--awb-spacing-right-small:1.92%;--awb-spacing-left-small:1.92%;\"><div class=\"fusion-column-wrapper fusion-column-has-shadow fusion-flex-justify-content-flex-start fusion-content-layout-column\"><div class=\"fusion-title title fusion-title-4 fusion-sep-none fusion-title-text fusion-title-size-two\" style=\"--awb-margin-top-small:10px;--awb-margin-right-small:0px;--awb-margin-bottom-small:10px;--awb-margin-left-small:0px;\"><h2 class=\"fusion-title-heading title-heading-left\" style=\"margin:0;\">Plan<\/h2><\/div><div class=\"fusion-image-element \" style=\"text-align:center;--awb-caption-title-font-family:var(--h2_typography-font-family);--awb-caption-title-font-weight:var(--h2_typography-font-weight);--awb-caption-title-font-style:var(--h2_typography-font-style);--awb-caption-title-size:var(--h2_typography-font-size);--awb-caption-title-transform:var(--h2_typography-text-transform);--awb-caption-title-line-height:var(--h2_typography-line-height);--awb-caption-title-letter-spacing:var(--h2_typography-letter-spacing);\"><span class=\" fusion-imageframe imageframe-none imageframe-1 hover-type-none\"><img decoding=\"async\" width=\"1400\" height=\"1454\" title=\"Plan Acc\u00e8s Ch\u00e2teau Monte-Cristo\" src=\"https:\/\/le-port-marly.net\/main\/wp-content\/uploads\/2026\/04\/planMC2026v3.png\" alt class=\"img-responsive wp-image-1639\" srcset=\"https:\/\/le-port-marly.net\/main\/wp-content\/uploads\/2026\/04\/planMC2026v3-200x208.png 200w, https:\/\/le-port-marly.net\/main\/wp-content\/uploads\/2026\/04\/planMC2026v3-400x415.png 400w, https:\/\/le-port-marly.net\/main\/wp-content\/uploads\/2026\/04\/planMC2026v3-600x623.png 600w, https:\/\/le-port-marly.net\/main\/wp-content\/uploads\/2026\/04\/planMC2026v3-800x831.png 800w, https:\/\/le-port-marly.net\/main\/wp-content\/uploads\/2026\/04\/planMC2026v3-1200x1246.png 1200w, https:\/\/le-port-marly.net\/main\/wp-content\/uploads\/2026\/04\/planMC2026v3.png 1400w\" sizes=\"(max-width: 640px) 100vw, 1200px\" \/><\/span><\/div><\/div><\/div><\/div><\/div><div class=\"fusion-fullwidth fullwidth-box fusion-builder-row-5 fusion-flex-container has-pattern-background has-mask-background nonhundred-percent-fullwidth non-hundred-percent-height-scrolling\" style=\"--awb-border-radius-top-left:0px;--awb-border-radius-top-right:0px;--awb-border-radius-bottom-right:0px;--awb-border-radius-bottom-left:0px;--awb-flex-wrap:wrap;\" ><div class=\"fusion-builder-row fusion-row fusion-flex-align-items-flex-start fusion-flex-content-wrap\" style=\"max-width:1248px;margin-left: calc(-4% \/ 2 );margin-right: calc(-4% \/ 2 );\"><div class=\"fusion-layout-column fusion_builder_column fusion-builder-column-4 fusion_builder_column_1_1 1_1 fusion-flex-column\" style=\"--awb-bg-size:cover;--awb-width-large:100%;--awb-margin-top-large:0px;--awb-spacing-right-large:1.92%;--awb-margin-bottom-large:20px;--awb-spacing-left-large:1.92%;--awb-width-medium:100%;--awb-order-medium:0;--awb-spacing-right-medium:1.92%;--awb-spacing-left-medium:1.92%;--awb-width-small:100%;--awb-order-small:0;--awb-spacing-right-small:1.92%;--awb-spacing-left-small:1.92%;\"><div class=\"fusion-column-wrapper fusion-column-has-shadow fusion-flex-justify-content-flex-start fusion-content-layout-column\"><div class=\"fusion-title title fusion-title-5 fusion-sep-none fusion-title-text fusion-title-size-two\" style=\"--awb-margin-top-small:10px;--awb-margin-right-small:0px;--awb-margin-bottom-small:10px;--awb-margin-left-small:0px;\"><h2 class=\"fusion-title-heading title-heading-left\" style=\"margin:0;\">Transports en commun<\/h2><\/div><div class=\"fusion-text fusion-text-4\"><p><strong>SNCF Paris gare Saint Lazare<\/strong><\/p>\n<p style=\"padding-left: 40px;\">Direction Saint Nom la Bret\u00e8che, arr\u00eat Marly le Roi<br \/>\nBus ligne 10 arr\u00eat \u00ab Les lampes \u00bb, descendre l\u2019avenue Kennedy puis premi\u00e8re \u00e0 droite, chemin des Montferrands suivre l\u2019itin\u00e9raire pi\u00e9tonnier (5\u2032 \u00e0 pied).<\/p>\n<p style=\"padding-left: 40px;\"><strong>Si vous souhaitez venir \u00e0 pied<\/strong> depuis la gare de Marly le roi : 30 minutes de marche.<br \/>\nEn sortant de la gare, sur la place de la gare, aller \u00e0 droite, rejoindre l\u2019avenue de St Germain. Traverser le passage \u00e0 niveau. Tout droit pendant au moins 1 kilom\u00e8tre. Tourner \u00e0 droite dans le chemin des Montferrands.<\/p>\n<p><strong>RER ligne A<\/strong><\/p>\n<p style=\"padding-left: 40px;\">Direction et arr\u00eat Saint Germain en Laye \u2013 Bus ligne 10 direction Marly le Roi, arr\u00eat \u00ab Les lampes \u00bb, descendre l\u2019avenue Kennedy puis premi\u00e8re \u00e0 droite, chemin des Montferrand, suivre l\u2019itin\u00e9raire pi\u00e9tonnier (5\u2032 \u00e0 pied).<\/p>\n<\/div><\/div><\/div><\/div><\/div><div class=\"fusion-fullwidth fullwidth-box fusion-builder-row-6 fusion-flex-container has-pattern-background has-mask-background nonhundred-percent-fullwidth non-hundred-percent-height-scrolling\" style=\"--awb-border-radius-top-left:0px;--awb-border-radius-top-right:0px;--awb-border-radius-bottom-right:0px;--awb-border-radius-bottom-left:0px;--awb-flex-wrap:wrap;\" ><div class=\"fusion-builder-row fusion-row fusion-flex-align-items-flex-start fusion-flex-content-wrap\" style=\"max-width:1248px;margin-left: calc(-4% \/ 2 );margin-right: calc(-4% \/ 2 );\"><div class=\"fusion-layout-column fusion_builder_column fusion-builder-column-5 fusion_builder_column_1_1 1_1 fusion-flex-column\" style=\"--awb-bg-size:cover;--awb-width-large:100%;--awb-margin-top-large:0px;--awb-spacing-right-large:1.92%;--awb-margin-bottom-large:20px;--awb-spacing-left-large:1.92%;--awb-width-medium:100%;--awb-order-medium:0;--awb-spacing-right-medium:1.92%;--awb-spacing-left-medium:1.92%;--awb-width-small:100%;--awb-order-small:0;--awb-spacing-right-small:1.92%;--awb-spacing-left-small:1.92%;\"><div class=\"fusion-column-wrapper fusion-column-has-shadow fusion-flex-justify-content-flex-start fusion-content-layout-column\"><div class=\"fusion-title title fusion-title-6 fusion-sep-none fusion-title-text fusion-title-size-two\" style=\"--awb-margin-top-small:10px;--awb-margin-right-small:0px;--awb-margin-bottom-small:10px;--awb-margin-left-small:0px;\"><h2 class=\"fusion-title-heading title-heading-left\" style=\"margin:0;\">Transports individuels<\/h2><\/div><div class=\"fusion-text fusion-text-5\"><p>Le ch\u00e2teau de Monte-Cristo se situe au PORT-MARLY.<br \/>\nSon acc\u00e8s est commun \u00e0 la clinique de l\u2019Europe.<\/p>\n<p><strong>Autoroute A13<\/strong> \u2013 sortie Saint-Germain-en-Laye-N186 , suivre direction Saint Germain en Laye. Au 6\u00e8me feu, sur file de gauche, direction Marly le roi. acc\u00e8s commun \u00e0 la clinique de l\u2019Europe par le chemin du haut des Ormes. Barri\u00e8re avec d\u00e9livrance d\u2019un ticket (\u00e0 conserver et \u00e0 pr\u00e9senter \u00e0 l\u2019accueil pour une sortie sans paiement) PUIS aller tout droit, portail automatique donnant acc\u00e8s au parking du ch\u00e2teau. Sonner pour entrer.<\/p>\n<p><strong>A86 &#8211; N13<\/strong> direction Saint Germain en Laye \u2013 D186 puis D7 direction Marly le Roi \u2013 apr\u00e8s \u00eatre pass\u00e9 devant la grille du ch\u00e2teau de Monte-Cristo (grille ferm\u00e9e), deuxi\u00e8me \u00e0 gauche : avenue de l\u2019Europe \u2013 suivre l\u2019avenue de l\u2019Europe jusqu\u2019au rond point, acc\u00e8s commun \u00e0 la clinique de l\u2019Europe par le chemin du haut des Ormes (Marly le roi). Barri\u00e8re avec d\u00e9livrance d\u2019un ticket (\u00e0 conserver et \u00e0 pr\u00e9senter \u00e0 l\u2019accueil du ch\u00e2teau pour une sortie sans paiement) PUIS aller tout droit, Portail automatique donnant acc\u00e8s au parking du ch\u00e2teau. Sonner pour entrer.<\/p>\n<\/div><div class=\"fusion-alert alert custom alert-custom fusion-alert-left awb-alert-native-link-color\" style=\"--awb-background-color:var(--awb-color2);--awb-accent-color:var(--awb-custom_color_1);--awb-border-size:1px;--awb-border-top-left-radius:0px;--awb-border-top-right-radius:0px;--awb-border-bottom-left-radius:0px;--awb-border-bottom-right-radius:0px;\" role=\"alert\"><div class=\"fusion-alert-content-wrapper\"><span class=\"alert-icon\"><i class=\"fa-exclamation-triangle fas\" aria-hidden=\"true\"><\/i><\/span><span class=\"fusion-alert-content\"><strong>ATTENTION :<\/strong><br \/>\nL\u2019acc\u00e8s sur nos parkings s\u2019effectue par les parkings de la clinique de l\u2019Europe.<br \/>\nUne barri\u00e8re automatique avec d\u00e9livrance d\u2019un ticket est mis en place.<br \/>\nPr\u00e9senter ce ticket \u00e0 l\u2019accueil, une contremarque vous sera d\u00e9livr\u00e9e.<br \/>\nLe parking du ch\u00e2teau de Monte-Cristo reste <strong>GRATUIT<\/strong> pour nos visiteurs.<\/span><\/div><\/div><\/div><\/div><\/div><\/div><div class=\"fusion-fullwidth fullwidth-box fusion-builder-row-7 fusion-flex-container has-pattern-background has-mask-background nonhundred-percent-fullwidth non-hundred-percent-height-scrolling\" style=\"--awb-border-radius-top-left:0px;--awb-border-radius-top-right:0px;--awb-border-radius-bottom-right:0px;--awb-border-radius-bottom-left:0px;--awb-flex-wrap:wrap;\" ><div class=\"fusion-builder-row fusion-row fusion-flex-align-items-flex-start fusion-flex-content-wrap\" style=\"max-width:1248px;margin-left: calc(-4% \/ 2 );margin-right: calc(-4% \/ 2 );\"><div class=\"fusion-layout-column fusion_builder_column fusion-builder-column-6 fusion_builder_column_1_1 1_1 fusion-flex-column\" style=\"--awb-bg-size:cover;--awb-width-large:100%;--awb-margin-top-large:0px;--awb-spacing-right-large:1.92%;--awb-margin-bottom-large:20px;--awb-spacing-left-large:1.92%;--awb-width-medium:100%;--awb-order-medium:0;--awb-spacing-right-medium:1.92%;--awb-spacing-left-medium:1.92%;--awb-width-small:100%;--awb-order-small:0;--awb-spacing-right-small:1.92%;--awb-spacing-left-small:1.92%;\"><div class=\"fusion-column-wrapper fusion-column-has-shadow fusion-flex-justify-content-flex-start fusion-content-layout-column\"><div class=\"fusion-title title fusion-title-7 fusion-sep-none fusion-title-text fusion-title-size-two\" style=\"--awb-margin-top-small:10px;--awb-margin-right-small:0px;--awb-margin-bottom-small:10px;--awb-margin-left-small:0px;\"><h2 class=\"fusion-title-heading title-heading-left\" style=\"margin:0;\">Stationnement<\/h2><\/div><div class=\"fusion-text fusion-text-6\"><p><strong>Parking\u00a0 pour les v\u00e9hicules individuels:<\/strong><br \/>\n50 places pour les voitures individuelles \u00e0 proximit\u00e9 imm\u00e9diate du pavillon d\u2019accueil. Parking ferm\u00e9 par un portail automatique. Sonner pour entrer.<\/p>\n<p><strong>Parking pour les autocars, v\u00e9hicules de groupes :<\/strong><br \/>\nLes autocars n\u2019ont pas acc\u00e8s au parking. Un plan d\u2019acc\u00e8s et le lieu de \u00ab\u00a0d\u00e9pose minute\u00a0\u00bb pour les personnes se d\u00e9pla\u00e7ant en autocars sera remis au responsable du groupe lors de la r\u00e9servation aupr\u00e8s de l\u2019office de tourisme.<\/p>\n<\/div><\/div><\/div><\/div><\/div><div class=\"fusion-fullwidth fullwidth-box fusion-builder-row-8 fusion-flex-container has-pattern-background has-mask-background nonhundred-percent-fullwidth non-hundred-percent-height-scrolling\" style=\"--awb-border-radius-top-left:0px;--awb-border-radius-top-right:0px;--awb-border-radius-bottom-right:0px;--awb-border-radius-bottom-left:0px;--awb-flex-wrap:wrap;\" ><div class=\"fusion-builder-row fusion-row fusion-flex-align-items-flex-start fusion-flex-content-wrap\" style=\"max-width:1248px;margin-left: calc(-4% \/ 2 );margin-right: calc(-4% \/ 2 );\"><div class=\"fusion-layout-column fusion_builder_column fusion-builder-column-7 fusion_builder_column_1_1 1_1 fusion-flex-column\" style=\"--awb-bg-size:cover;--awb-width-large:100%;--awb-margin-top-large:0px;--awb-spacing-right-large:1.92%;--awb-margin-bottom-large:20px;--awb-spacing-left-large:1.92%;--awb-width-medium:100%;--awb-order-medium:0;--awb-spacing-right-medium:1.92%;--awb-spacing-left-medium:1.92%;--awb-width-small:100%;--awb-order-small:0;--awb-spacing-right-small:1.92%;--awb-spacing-left-small:1.92%;\"><div class=\"fusion-column-wrapper fusion-column-has-shadow fusion-flex-justify-content-flex-start fusion-content-layout-column\"><div class=\"fusion-title title fusion-title-8 fusion-sep-none fusion-title-text fusion-title-size-two\" style=\"--awb-margin-top-small:10px;--awb-margin-right-small:0px;--awb-margin-bottom-small:10px;--awb-margin-left-small:0px;\"><h2 class=\"fusion-title-heading title-heading-left\" style=\"margin:0;\">Accessibilit\u00e9 personnes \u00e0 mobilit\u00e9 r\u00e9duite<\/h2><\/div><div class=\"fusion-text fusion-text-7\"><p>Le parc du ch\u00e2teau de Monte-Cristo est malheureusement difficile d\u2019acc\u00e8s pour les personnes \u00e0 mobilit\u00e9 r\u00e9duite.<br \/>\nMerci de nous contacter par t\u00e9l\u00e9phone pour plus de renseignements.<\/p>\n<\/div><div class=\"fusion-title title fusion-title-9 fusion-sep-none fusion-title-text fusion-title-size-two\" style=\"--awb-margin-top-small:10px;--awb-margin-right-small:0px;--awb-margin-bottom-small:10px;--awb-margin-left-small:0px;\"><h2 class=\"fusion-title-heading title-heading-left\" style=\"margin:0;\">Informations utiles<\/h2><\/div><div class=\"fusion-text fusion-text-8\"><h3>Poussettes<\/h3>\n<p>Les poussettes ne peuvent pas entrer dans le ch\u00e2teau. Elles peuvent \u00eatre\u00a0entrepos\u00e9es devant le ch\u00e2teau.<\/p>\n<h3>Animaux<\/h3>\n<p>Nous sommes d\u00e9sol\u00e9s pour eux mais nos amis les animaux ne sont pas admis dans le domaine de Monte-Cristo<br \/>\n(m\u00eame les petits chiens ou autre petit animal port\u00e9s dans un sac).<\/p>\n<p>Les chiens guide d\u2019aveugle et chiens d&rsquo;assistance sont accept\u00e9s.<\/p>\n<h3>Pique-nique<\/h3>\n<p>Les piques-niques ne sont pas autoris\u00e9s dans le domaine de Monte-Cristo.<\/p>\n<\/div><\/div><\/div><\/div><\/div><div class=\"fusion-fullwidth fullwidth-box fusion-builder-row-9 fusion-flex-container has-pattern-background has-mask-background nonhundred-percent-fullwidth non-hundred-percent-height-scrolling\" style=\"--awb-border-radius-top-left:0px;--awb-border-radius-top-right:0px;--awb-border-radius-bottom-right:0px;--awb-border-radius-bottom-left:0px;--awb-margin-top:30px;--awb-flex-wrap:wrap;\" ><div class=\"fusion-builder-row fusion-row fusion-flex-align-items-flex-start fusion-flex-content-wrap\" style=\"max-width:1248px;margin-left: calc(-4% \/ 2 );margin-right: calc(-4% \/ 2 );\"><div class=\"fusion-layout-column fusion_builder_column fusion-builder-column-8 fusion_builder_column_1_1 1_1 fusion-flex-column\" style=\"--awb-bg-size:cover;--awb-width-large:100%;--awb-margin-top-large:0px;--awb-spacing-right-large:1.92%;--awb-margin-bottom-large:20px;--awb-spacing-left-large:1.92%;--awb-width-medium:100%;--awb-order-medium:0;--awb-spacing-right-medium:1.92%;--awb-spacing-left-medium:1.92%;--awb-width-small:100%;--awb-order-small:0;--awb-spacing-right-small:1.92%;--awb-spacing-left-small:1.92%;\"><div class=\"fusion-column-wrapper fusion-column-has-shadow fusion-flex-justify-content-flex-start fusion-content-layout-column\"><div ><a class=\"fusion-button button-flat fusion-button-default-size button-default fusion-button-default button-3 fusion-button-default-span fusion-button-default-type\" target=\"_self\" data-hover=\"icon_rotate\" href=\"https:\/\/le-port-marly.net\/main\/horaires\/\"><i class=\"fa-angle-double-right fas awb-button__icon awb-button__icon--default button-icon-left\" aria-hidden=\"true\"><\/i><span class=\"fusion-button-text awb-button__text awb-button__text--default\">Horaires<\/span><\/a><\/div><\/div><\/div><\/div><\/div><\/p>\n","protected":false},"excerpt":{"rendered":"","protected":false},"author":1,"featured_media":0,"parent":0,"menu_order":0,"comment_status":"closed","ping_status":"closed","template":"100-width.php","meta":{"footnotes":""},"class_list":["post-816","page","type-page","status-publish","hentry"],"_links":{"self":[{"href":"https:\/\/le-port-marly.net\/main\/wp-json\/wp\/v2\/pages\/816","targetHints":{"allow":["GET"]}}],"collection":[{"href":"https:\/\/le-port-marly.net\/main\/wp-json\/wp\/v2\/pages"}],"about":[{"href":"https:\/\/le-port-marly.net\/main\/wp-json\/wp\/v2\/types\/page"}],"author":[{"embeddable":true,"href":"https:\/\/le-port-marly.net\/main\/wp-json\/wp\/v2\/users\/1"}],"replies":[{"embeddable":true,"href":"https:\/\/le-port-marly.net\/main\/wp-json\/wp\/v2\/comments?post=816"}],"version-history":[{"count":39,"href":"https:\/\/le-port-marly.net\/main\/wp-json\/wp\/v2\/pages\/816\/revisions"}],"predecessor-version":[{"id":1642,"href":"https:\/\/le-port-marly.net\/main\/wp-json\/wp\/v2\/pages\/816\/revisions\/1642"}],"wp:attachment":[{"href":"https:\/\/le-port-marly.net\/main\/wp-json\/wp\/v2\/media?parent=816"}],"curies":[{"name":"wp","href":"https:\/\/api.w.org\/{rel}","templated":true}]}}